{"id":20,"date":"2024-06-09T16:20:21","date_gmt":"2024-06-09T16:20:21","guid":{"rendered":"https:\/\/avocatbotosani.ro\/new\/?page_id=20"},"modified":"2024-06-12T11:18:28","modified_gmt":"2024-06-12T11:18:28","slug":"onorarii","status":"publish","type":"page","link":"https:\/\/avocatbotosani.ro\/new\/index.php\/onorarii\/","title":{"rendered":""},"content":{"rendered":"\n<h2 class=\"wp-block-heading has-text-align-center has-text-color has-link-color has-higuen-font-family wp-elements-851e8f971eb6572907a0f82073e1181f\" style=\"color:#f4f0e4\">ONORARII<\/h2>\n\n\n\n<div class=\"wp-block-group alignfull has-background has-global-padding is-layout-constrained wp-block-group-is-layout-constrained\" style=\"background-color:#032b22;margin-top:0;margin-bottom:0;padding-top:var(--wp--preset--spacing--50);padding-right:var(--wp--preset--spacing--50);padding-bottom:var(--wp--preset--spacing--50);padding-left:var(--wp--preset--spacing--50)\">\n<div style=\"height:var(--wp--preset--spacing--20)\" aria-hidden=\"true\" class=\"wp-block-spacer\"><\/div>\n\n\n\n<h1 class=\"wp-block-heading has-text-align-center has-base-2-color has-text-color has-link-color has-higuen-font-family wp-elements-98130534c961167d5a4b390344c9bcb0\" style=\"font-size:clamp(3.037rem, 3.037rem + ((1vw - 0.2rem) * 4.938), 6rem);\">ONORARII<\/h1>\n\n\n\n<div class=\"wp-block-eds-animate-it-block eds-animate-block-save\"><div class=\"eds-animate animated edsanimate-sis-hidden  \" data-eds-entry-animation=\"fadeIn\" data-eds-entry-delay=\"0\" data-eds-entry-duration=\"0.5\" data-eds-entry-timing=\"linear\" data-eds-exit-animation=\"\" data-eds-exit-delay=\"0\" data-eds-exit-duration=\"0.5\" data-eds-exit-timing=\"linear\" data-eds-repeat-count=\"1\" data-eds-keep=\"yes\" data-eds-animate-on=\"load\" data-eds-scroll-offset=\"\">\n<div class=\"wp-block-eds-animate-it-block eds-animate-block-save\"><div class=\"eds-animate animated   \" data-eds-entry-animation=\"appear\" data-eds-entry-delay=\"0\" data-eds-entry-duration=\"2\" data-eds-entry-timing=\"ease\" data-eds-exit-animation=\"\" data-eds-exit-delay=\"0\" data-eds-exit-duration=\"0.5\" data-eds-exit-timing=\"linear\" data-eds-repeat-count=\"1\" data-eds-keep=\"yes\" data-eds-animate-on=\"scroll\" data-eds-scroll-offset=\"30\">\n<div class=\"wp-block-columns is-layout-flex wp-container-core-columns-is-layout-1 wp-block-columns-is-layout-flex\">\n<div class=\"wp-block-column is-vertically-aligned-center is-layout-flow wp-block-column-is-layout-flow\">\n<div class=\"wp-block-media-text is-stacked-on-mobile\"><figure class=\"wp-block-media-text__media\"><img fetchpriority=\"high\" decoding=\"async\" width=\"500\" height=\"500\" src=\"https:\/\/avocatbotosani.ro\/new\/wp-content\/uploads\/2024\/06\/23-3.png\" alt=\"\" class=\"wp-image-210 size-full\" srcset=\"https:\/\/avocatbotosani.ro\/new\/wp-content\/uploads\/2024\/06\/23-3.png 500w, https:\/\/avocatbotosani.ro\/new\/wp-content\/uploads\/2024\/06\/23-3-300x300.png 300w, https:\/\/avocatbotosani.ro\/new\/wp-content\/uploads\/2024\/06\/23-3-150x150.png 150w\" sizes=\"(max-width: 500px) 100vw, 500px\" \/><\/figure><div class=\"wp-block-media-text__content\">\n<p class=\"has-base-2-color has-text-color has-link-color has-system-serif-font-family wp-elements-382daab8ea2f99aacf48e58ea25e68fd\">Aceste&nbsp;onorarii&nbsp;sunt&nbsp;potrivite pentru&nbsp;clien\u021bii&nbsp;care,&nbsp;prin&nbsp;natur\u0103&nbsp;activit\u0103\u0163ii desf\u0103\u015furate, necesit\u0103 consultan\u0163\u0103 \u015fi\/sau&nbsp;reprezentare cu caracter de continuitate, stabilirea unor onorarii&nbsp;aferente&nbsp;unei perioade determinate,&nbsp;fiind&nbsp;adecvat\u0103 \u015fi convenabil\u0103 ambelor p\u0103r\u0163i..<\/p>\n<\/div><\/div>\n<\/div>\n<\/div>\n\n\n\n<div style=\"height:110px\" aria-hidden=\"true\" class=\"wp-block-spacer\"><\/div>\n\n\n\n<div class=\"wp-block-columns is-layout-flex wp-container-core-columns-is-layout-2 wp-block-columns-is-layout-flex\">\n<div class=\"wp-block-column is-layout-flow wp-block-column-is-layout-flow\">\n<div class=\"wp-block-media-text has-media-on-the-right is-stacked-on-mobile\"><div class=\"wp-block-media-text__content\">\n<p class=\"has-base-2-color has-text-color has-link-color has-system-serif-font-family wp-elements-600dd3bbf130fff542357dee5d319461\">Onorarii&nbsp;orare. Avocatul&nbsp;stabile\u0219te&nbsp;o&nbsp;suma&nbsp;fix\u0103&nbsp;aferent\u0103 intervalului orar \u00een&nbsp;care&nbsp;\u00ee\u0219i&nbsp;presteaz\u0103&nbsp;serviciile. O astfel de&nbsp;consulta\u021bie&nbsp;juridic\u0103&nbsp;poate avea loc \u015fi&nbsp;prin&nbsp;mijloace de comunicare&nbsp;la&nbsp;distan\u0163\u0103, \u00een cazul \u00een care clientul nu&nbsp;se&nbsp;poate&nbsp;deplasa&nbsp;la cabinetul de&nbsp;avocatur\u0103.<\/p>\n<\/div><figure class=\"wp-block-media-text__media\"><img decoding=\"async\" width=\"500\" height=\"500\" src=\"https:\/\/avocatbotosani.ro\/new\/wp-content\/uploads\/2024\/06\/20-3.png\" alt=\"\" class=\"wp-image-208 size-full\" srcset=\"https:\/\/avocatbotosani.ro\/new\/wp-content\/uploads\/2024\/06\/20-3.png 500w, https:\/\/avocatbotosani.ro\/new\/wp-content\/uploads\/2024\/06\/20-3-300x300.png 300w, https:\/\/avocatbotosani.ro\/new\/wp-content\/uploads\/2024\/06\/20-3-150x150.png 150w\" sizes=\"(max-width: 500px) 100vw, 500px\" \/><\/figure><\/div>\n<\/div>\n<\/div>\n\n\n\n<div style=\"height:100px\" aria-hidden=\"true\" class=\"wp-block-spacer\"><\/div>\n\n\n\n<div class=\"wp-block-columns is-layout-flex wp-container-core-columns-is-layout-3 wp-block-columns-is-layout-flex\">\n<div class=\"wp-block-column is-layout-flow wp-block-column-is-layout-flow\">\n<div class=\"wp-block-media-text is-stacked-on-mobile\"><figure class=\"wp-block-media-text__media\"><img decoding=\"async\" width=\"500\" height=\"500\" src=\"https:\/\/avocatbotosani.ro\/new\/wp-content\/uploads\/2024\/06\/21-3.png\" alt=\"\" class=\"wp-image-207 size-full\" srcset=\"https:\/\/avocatbotosani.ro\/new\/wp-content\/uploads\/2024\/06\/21-3.png 500w, https:\/\/avocatbotosani.ro\/new\/wp-content\/uploads\/2024\/06\/21-3-300x300.png 300w, https:\/\/avocatbotosani.ro\/new\/wp-content\/uploads\/2024\/06\/21-3-150x150.png 150w\" sizes=\"(max-width: 500px) 100vw, 500px\" \/><\/figure><div class=\"wp-block-media-text__content\">\n<p class=\"has-base-2-color has-text-color has-link-color has-system-serif-font-family wp-elements-d5301eabf68bbf996c06b22c5b03e71a\">Onorarii&nbsp;fixe&nbsp;sau&nbsp;forfetare.&nbsp;Dup\u0103&nbsp;cum este \u015fi numele sau, acest onorariu este fix, stabilit de avocat&nbsp;\u00eenc\u0103&nbsp;de&nbsp;la&nbsp;\u00eenceputul&nbsp;colabor\u0103rii&nbsp;pentru un anumit serviciu pe&nbsp;care&nbsp;acesta&nbsp;\u00eel&nbsp;presteaz\u0103&nbsp;\u00een favoarea clientului.<\/p>\n<\/div><\/div>\n\n\n\n<div style=\"height:100px\" aria-hidden=\"true\" class=\"wp-block-spacer\"><\/div>\n<\/div>\n<\/div>\n\n\n\n<div style=\"height:0px\" aria-hidden=\"true\" class=\"wp-block-spacer\"><\/div>\n\n\n\n<div class=\"wp-block-media-text has-media-on-the-right is-stacked-on-mobile\"><div class=\"wp-block-media-text__content\">\n<p class=\"has-base-2-color has-text-color has-link-color wp-elements-dba20e1d1ef24a8d4151a3415e239c36\">Onorarii&nbsp;de succes.<\/p>\n\n\n\n<p class=\"has-base-2-color has-text-color has-link-color has-system-serif-font-family has-small-font-size wp-elements-744deac7f27c023f6ba2d07a619f8466\">Onorarii&nbsp;compuse.&nbsp;Acestea&nbsp;pot&nbsp;fi&nbsp;o combinare a celor trei anterior&nbsp;men\u021bionate.<\/p>\n<\/div><figure class=\"wp-block-media-text__media\"><img loading=\"lazy\" decoding=\"async\" width=\"500\" height=\"500\" src=\"https:\/\/avocatbotosani.ro\/new\/wp-content\/uploads\/2024\/06\/22-2.png\" alt=\"\" class=\"wp-image-205 size-full\" srcset=\"https:\/\/avocatbotosani.ro\/new\/wp-content\/uploads\/2024\/06\/22-2.png 500w, https:\/\/avocatbotosani.ro\/new\/wp-content\/uploads\/2024\/06\/22-2-300x300.png 300w, https:\/\/avocatbotosani.ro\/new\/wp-content\/uploads\/2024\/06\/22-2-150x150.png 150w\" sizes=\"(max-width: 500px) 100vw, 500px\" \/><\/figure><\/div>\n\n\n\n<div class=\"wp-block-columns is-layout-flex wp-container-core-columns-is-layout-4 wp-block-columns-is-layout-flex\">\n<div class=\"wp-block-column is-layout-flow wp-block-column-is-layout-flow\"><\/div>\n<\/div>\n<\/div><\/div>\n<\/div><\/div>\n<\/div>\n","protected":false},"excerpt":{"rendered":"<p>ONORARII ONORARII<\/p>\n","protected":false},"author":1,"featured_media":0,"parent":0,"menu_order":0,"comment_status":"closed","ping_status":"closed","template":"","meta":{"om_disable_all_campaigns":false,"_monsterinsights_skip_tracking":false,"_monsterinsights_sitenote_active":false,"_monsterinsights_sitenote_note":"","_monsterinsights_sitenote_category":0,"footnotes":""},"featured_image_url":[],"post_author":"admin","assigned_categories":"","aioseo_notices":[],"yoast_head":"<!-- This site is optimized with the Yoast SEO plugin v23.0 - https:\/\/yoast.com\/wordpress\/plugins\/seo\/ -->\n<title>- Avocat Cornea Alina Botosani<\/title>\n<meta name=\"robots\" content=\"index, follow, max-snippet:-1, max-image-preview:large, max-video-preview:-1\" \/>\n<link rel=\"canonical\" href=\"https:\/\/avocatbotosani.ro\/new\/index.php\/onorarii\/\" \/>\n<meta property=\"og:locale\" content=\"ro_RO\" \/>\n<meta property=\"og:type\" content=\"article\" \/>\n<meta property=\"og:title\" content=\"- Avocat Cornea Alina Botosani\" \/>\n<meta property=\"og:description\" content=\"ONORARII ONORARII\" \/>\n<meta property=\"og:url\" content=\"https:\/\/avocatbotosani.ro\/new\/index.php\/onorarii\/\" \/>\n<meta property=\"og:site_name\" content=\"Avocat Cornea Alina Botosani\" \/>\n<meta property=\"article:modified_time\" content=\"2024-06-12T11:18:28+00:00\" \/>\n<meta property=\"og:image\" content=\"https:\/\/avocatbotosani.ro\/new\/wp-content\/uploads\/2024\/06\/23-3.png\" \/>\n<meta name=\"twitter:card\" content=\"summary_large_image\" \/>\n<meta name=\"twitter:label1\" content=\"Timp estimat pentru citire\" \/>\n\t<meta name=\"twitter:data1\" content=\"1 minut\" \/>\n<script type=\"application\/ld+json\" class=\"yoast-schema-graph\">{\"@context\":\"https:\/\/schema.org\",\"@graph\":[{\"@type\":\"WebPage\",\"@id\":\"https:\/\/avocatbotosani.ro\/new\/index.php\/onorarii\/\",\"url\":\"https:\/\/avocatbotosani.ro\/new\/index.php\/onorarii\/\",\"name\":\"- Avocat Cornea Alina Botosani\",\"isPartOf\":{\"@id\":\"https:\/\/avocatbotosani.ro\/new\/#website\"},\"primaryImageOfPage\":{\"@id\":\"https:\/\/avocatbotosani.ro\/new\/index.php\/onorarii\/#primaryimage\"},\"image\":{\"@id\":\"https:\/\/avocatbotosani.ro\/new\/index.php\/onorarii\/#primaryimage\"},\"thumbnailUrl\":\"https:\/\/avocatbotosani.ro\/new\/wp-content\/uploads\/2024\/06\/23-3.png\",\"datePublished\":\"2024-06-09T16:20:21+00:00\",\"dateModified\":\"2024-06-12T11:18:28+00:00\",\"inLanguage\":\"ro-RO\",\"potentialAction\":[{\"@type\":\"ReadAction\",\"target\":[\"https:\/\/avocatbotosani.ro\/new\/index.php\/onorarii\/\"]}]},{\"@type\":\"ImageObject\",\"inLanguage\":\"ro-RO\",\"@id\":\"https:\/\/avocatbotosani.ro\/new\/index.php\/onorarii\/#primaryimage\",\"url\":\"https:\/\/avocatbotosani.ro\/new\/wp-content\/uploads\/2024\/06\/23-3.png\",\"contentUrl\":\"https:\/\/avocatbotosani.ro\/new\/wp-content\/uploads\/2024\/06\/23-3.png\",\"width\":500,\"height\":500},{\"@type\":\"WebSite\",\"@id\":\"https:\/\/avocatbotosani.ro\/new\/#website\",\"url\":\"https:\/\/avocatbotosani.ro\/new\/\",\"name\":\"Avocat Cornea Alina Botosani\",\"description\":\"Programeaza-te online pentru o \u0219edin\u021b\u0103 de consultanta sau folose\u0219te Avocatul Inteligent ce \u00ee\u021bi va r\u0103spunde la \u00eentreb\u0103ri instant\",\"publisher\":{\"@id\":\"https:\/\/avocatbotosani.ro\/new\/#organization\"},\"potentialAction\":[{\"@type\":\"SearchAction\",\"target\":{\"@type\":\"EntryPoint\",\"urlTemplate\":\"https:\/\/avocatbotosani.ro\/new\/?s={search_term_string}\"},\"query-input\":\"required name=search_term_string\"}],\"inLanguage\":\"ro-RO\"},{\"@type\":\"Organization\",\"@id\":\"https:\/\/avocatbotosani.ro\/new\/#organization\",\"name\":\"Avocat Cornea Alina Botosani\",\"url\":\"https:\/\/avocatbotosani.ro\/new\/\",\"logo\":{\"@type\":\"ImageObject\",\"inLanguage\":\"ro-RO\",\"@id\":\"https:\/\/avocatbotosani.ro\/new\/#\/schema\/logo\/image\/\",\"url\":\"https:\/\/avocatbotosani.ro\/new\/wp-content\/uploads\/2024\/06\/cropped-Beige-and-Blue-Minimalist-Clean-Modern-Lawyer-Logo-8-1.png\",\"contentUrl\":\"https:\/\/avocatbotosani.ro\/new\/wp-content\/uploads\/2024\/06\/cropped-Beige-and-Blue-Minimalist-Clean-Modern-Lawyer-Logo-8-1.png\",\"width\":512,\"height\":512,\"caption\":\"Avocat Cornea Alina Botosani\"},\"image\":{\"@id\":\"https:\/\/avocatbotosani.ro\/new\/#\/schema\/logo\/image\/\"}}]}<\/script>\n<!-- \/ Yoast SEO plugin. -->","yoast_head_json":{"title":"- Avocat Cornea Alina Botosani","robots":{"index":"index","follow":"follow","max-snippet":"max-snippet:-1","max-image-preview":"max-image-preview:large","max-video-preview":"max-video-preview:-1"},"canonical":"https:\/\/avocatbotosani.ro\/new\/index.php\/onorarii\/","og_locale":"ro_RO","og_type":"article","og_title":"- Avocat Cornea Alina Botosani","og_description":"ONORARII ONORARII","og_url":"https:\/\/avocatbotosani.ro\/new\/index.php\/onorarii\/","og_site_name":"Avocat Cornea Alina Botosani","article_modified_time":"2024-06-12T11:18:28+00:00","og_image":[{"url":"https:\/\/avocatbotosani.ro\/new\/wp-content\/uploads\/2024\/06\/23-3.png"}],"twitter_card":"summary_large_image","twitter_misc":{"Timp estimat pentru citire":"1 minut"},"schema":{"@context":"https:\/\/schema.org","@graph":[{"@type":"WebPage","@id":"https:\/\/avocatbotosani.ro\/new\/index.php\/onorarii\/","url":"https:\/\/avocatbotosani.ro\/new\/index.php\/onorarii\/","name":"- Avocat Cornea Alina Botosani","isPartOf":{"@id":"https:\/\/avocatbotosani.ro\/new\/#website"},"primaryImageOfPage":{"@id":"https:\/\/avocatbotosani.ro\/new\/index.php\/onorarii\/#primaryimage"},"image":{"@id":"https:\/\/avocatbotosani.ro\/new\/index.php\/onorarii\/#primaryimage"},"thumbnailUrl":"https:\/\/avocatbotosani.ro\/new\/wp-content\/uploads\/2024\/06\/23-3.png","datePublished":"2024-06-09T16:20:21+00:00","dateModified":"2024-06-12T11:18:28+00:00","inLanguage":"ro-RO","potentialAction":[{"@type":"ReadAction","target":["https:\/\/avocatbotosani.ro\/new\/index.php\/onorarii\/"]}]},{"@type":"ImageObject","inLanguage":"ro-RO","@id":"https:\/\/avocatbotosani.ro\/new\/index.php\/onorarii\/#primaryimage","url":"https:\/\/avocatbotosani.ro\/new\/wp-content\/uploads\/2024\/06\/23-3.png","contentUrl":"https:\/\/avocatbotosani.ro\/new\/wp-content\/uploads\/2024\/06\/23-3.png","width":500,"height":500},{"@type":"WebSite","@id":"https:\/\/avocatbotosani.ro\/new\/#website","url":"https:\/\/avocatbotosani.ro\/new\/","name":"Avocat Cornea Alina Botosani","description":"Programeaza-te online pentru o \u0219edin\u021b\u0103 de consultanta sau folose\u0219te Avocatul Inteligent ce \u00ee\u021bi va r\u0103spunde la \u00eentreb\u0103ri instant","publisher":{"@id":"https:\/\/avocatbotosani.ro\/new\/#organization"},"potentialAction":[{"@type":"SearchAction","target":{"@type":"EntryPoint","urlTemplate":"https:\/\/avocatbotosani.ro\/new\/?s={search_term_string}"},"query-input":"required name=search_term_string"}],"inLanguage":"ro-RO"},{"@type":"Organization","@id":"https:\/\/avocatbotosani.ro\/new\/#organization","name":"Avocat Cornea Alina Botosani","url":"https:\/\/avocatbotosani.ro\/new\/","logo":{"@type":"ImageObject","inLanguage":"ro-RO","@id":"https:\/\/avocatbotosani.ro\/new\/#\/schema\/logo\/image\/","url":"https:\/\/avocatbotosani.ro\/new\/wp-content\/uploads\/2024\/06\/cropped-Beige-and-Blue-Minimalist-Clean-Modern-Lawyer-Logo-8-1.png","contentUrl":"https:\/\/avocatbotosani.ro\/new\/wp-content\/uploads\/2024\/06\/cropped-Beige-and-Blue-Minimalist-Clean-Modern-Lawyer-Logo-8-1.png","width":512,"height":512,"caption":"Avocat Cornea Alina Botosani"},"image":{"@id":"https:\/\/avocatbotosani.ro\/new\/#\/schema\/logo\/image\/"}}]}},"_links":{"self":[{"href":"https:\/\/avocatbotosani.ro\/new\/index.php\/wp-json\/wp\/v2\/pages\/20"}],"collection":[{"href":"https:\/\/avocatbotosani.ro\/new\/index.php\/wp-json\/wp\/v2\/pages"}],"about":[{"href":"https:\/\/avocatbotosani.ro\/new\/index.php\/wp-json\/wp\/v2\/types\/page"}],"author":[{"embeddable":true,"href":"https:\/\/avocatbotosani.ro\/new\/index.php\/wp-json\/wp\/v2\/users\/1"}],"replies":[{"embeddable":true,"href":"https:\/\/avocatbotosani.ro\/new\/index.php\/wp-json\/wp\/v2\/comments?post=20"}],"version-history":[{"count":18,"href":"https:\/\/avocatbotosani.ro\/new\/index.php\/wp-json\/wp\/v2\/pages\/20\/revisions"}],"predecessor-version":[{"id":213,"href":"https:\/\/avocatbotosani.ro\/new\/index.php\/wp-json\/wp\/v2\/pages\/20\/revisions\/213"}],"wp:attachment":[{"href":"https:\/\/avocatbotosani.ro\/new\/index.php\/wp-json\/wp\/v2\/media?parent=20"}],"curies":[{"name":"wp","href":"https:\/\/api.w.org\/{rel}","templated":true}]}}