{"id":24,"date":"2024-06-11T10:08:41","date_gmt":"2024-06-11T10:08:41","guid":{"rendered":"https:\/\/avocatbotosani.ro\/new\/?page_id=24"},"modified":"2024-06-26T17:01:24","modified_gmt":"2024-06-26T17:01:24","slug":"despre","status":"publish","type":"page","link":"https:\/\/avocatbotosani.ro\/new\/index.php\/despre\/","title":{"rendered":"Despre"},"content":{"rendered":"\n<p class=\"has-text-align-center has-higuen-font-family\"> Cabinetul de Avocat Cornea Alina func\u021bioneaz\u0103 ne\u00eentrerupt din anul 2007, oferind servicii juridice de \u00eenalt\u0103 calitate clien\u021bilor s\u0103i.<\/p>\n\n\n\n<p class=\"has-text-align-center has-higuen-font-family\"> Avocatul titular \u0219i echipa sa reprezint\u0103 clien\u021bii \u00een toate instan\u021bele judec\u0103tore\u0219ti din Rom\u00e2nia, asigur\u00e2nd o ap\u0103rare eficient\u0103 \u0219i competent\u0103 \u00een diverse litigii \u0219i cazuri juridice.<\/p>\n\n\n\n<p class=\"has-text-align-center has-higuen-font-family\"> Cabinetul ofer\u0103 consultan\u021b\u0103 juridic\u0103 \u00een toate domeniile dreptului, cu o specializare accentuat\u0103 \u00een drept civil, penal \u0219i fiscal. Consultan\u021ba este disponibil\u0103 \u0219i \u00een limbile englez\u0103 \u0219i francez\u0103, facilit\u00e2nd astfel accesul clien\u021bilor interna\u021bionali \u0219i celor care prefer\u0103 comunicarea \u00eentr-una din aceste limbi.<\/p>\n\n\n\n<p class=\"has-text-align-center has-higuen-font-family\"> Pentru a oferi servicii complete \u0219i bine fundamentate, cabinetul colaboreaz\u0103 cu exper\u021bi \u0219i speciali\u0219ti din domenii conexe dreptului, cum ar fi expertiza contabil\u0103, evaluarea imobiliar\u0103, \u0219i psihologia juridic\u0103.<\/p>\n\n\n\n<p class=\"has-text-align-center has-higuen-font-family\">Pe l\u00e2ng\u0103 avocatul titular, cabinetul beneficiaz\u0103 de aportul unor asisten\u021bi \u0219i avoca\u021bi colaboratori, asigur\u00e2nd astfel diversitatea competen\u021belor \u0219i o capacitate sporit\u0103 de a gestiona cazuri complexe \u0219i de amploare.<\/p>\n\n\n\n<p class=\"has-text-align-center has-higuen-font-family\"> Cabinetul de Avocat Cornea Alina \u00ee\u0219i propune s\u0103 ofere servicii juridice de excelen\u021b\u0103, av\u00e2nd la baz\u0103 profesionalismul, integritatea \u0219i dedicarea fa\u021b\u0103 de clien\u021bi. Fiecare caz este tratat cu aten\u021bie \u0219i seriozitate, urm\u0103rindu-se mereu ob\u021binerea celor mai bune rezultate posibile pentru clien\u021bi.<\/p>\n\n\n\n<p class=\"has-text-align-center has-higuen-font-family\">Pentru mai multe informa\u021bii sau pentru a programa o consulta\u021bie, nu ezita\u021bi s\u0103 contacta\u021bi Cabinetul de Avocat Cornea Alina la adresa men\u021bionat\u0103 sau prin intermediul canalelor de comunicare disponibile.<\/p>\n\n\n\n<p class=\"has-text-align-center has-higuen-font-family\">Pe site va sta la dispozi\u021bie un avocat I A care ofer\u0103 instant r\u0103spunsuri la \u00eentreb\u0103ri juridice preliminare unei consultante sau unei reprezent\u0103ri.<\/p>\n","protected":false},"excerpt":{"rendered":"<p>Cabinetul de Avocat Cornea Alina func\u021bioneaz\u0103 ne\u00eentrerupt din anul 2007, oferind servicii juridice de \u00eenalt\u0103 calitate clien\u021bilor s\u0103i. Avocatul titular \u0219i echipa sa reprezint\u0103 clien\u021bii \u00een toate instan\u021bele judec\u0103tore\u0219ti din Rom\u00e2nia, asigur\u00e2nd o ap\u0103rare eficient\u0103 \u0219i competent\u0103 \u00een diverse litigii \u0219i cazuri juridice. Cabinetul ofer\u0103 consultan\u021b\u0103 juridic\u0103 \u00een toate domeniile dreptului, cu o specializare accentuat\u0103 [&hellip;]<\/p>\n","protected":false},"author":1,"featured_media":0,"parent":0,"menu_order":0,"comment_status":"closed","ping_status":"closed","template":"","meta":{"om_disable_all_campaigns":false,"_monsterinsights_skip_tracking":false,"_monsterinsights_sitenote_active":false,"_monsterinsights_sitenote_note":"","_monsterinsights_sitenote_category":0,"footnotes":""},"featured_image_url":[],"post_author":"admin","assigned_categories":"","aioseo_notices":[],"yoast_head":"<!-- This site is optimized with the Yoast SEO plugin v23.0 - https:\/\/yoast.com\/wordpress\/plugins\/seo\/ -->\n<title>Despre - Avocat Cornea Alina Botosani<\/title>\n<meta name=\"robots\" content=\"index, follow, max-snippet:-1, max-image-preview:large, max-video-preview:-1\" \/>\n<link rel=\"canonical\" href=\"https:\/\/avocatbotosani.ro\/new\/index.php\/despre\/\" \/>\n<meta property=\"og:locale\" content=\"ro_RO\" \/>\n<meta property=\"og:type\" content=\"article\" \/>\n<meta property=\"og:title\" content=\"Despre - Avocat Cornea Alina Botosani\" \/>\n<meta property=\"og:description\" content=\"Cabinetul de Avocat Cornea Alina func\u021bioneaz\u0103 ne\u00eentrerupt din anul 2007, oferind servicii juridice de \u00eenalt\u0103 calitate clien\u021bilor s\u0103i. Avocatul titular \u0219i echipa sa reprezint\u0103 clien\u021bii \u00een toate instan\u021bele judec\u0103tore\u0219ti din Rom\u00e2nia, asigur\u00e2nd o ap\u0103rare eficient\u0103 \u0219i competent\u0103 \u00een diverse litigii \u0219i cazuri juridice. Cabinetul ofer\u0103 consultan\u021b\u0103 juridic\u0103 \u00een toate domeniile dreptului, cu o specializare accentuat\u0103 [&hellip;]\" \/>\n<meta property=\"og:url\" content=\"https:\/\/avocatbotosani.ro\/new\/index.php\/despre\/\" \/>\n<meta property=\"og:site_name\" content=\"Avocat Cornea Alina Botosani\" \/>\n<meta property=\"article:modified_time\" content=\"2024-06-26T17:01:24+00:00\" \/>\n<meta name=\"twitter:card\" content=\"summary_large_image\" \/>\n<meta name=\"twitter:label1\" content=\"Timp estimat pentru citire\" \/>\n\t<meta name=\"twitter:data1\" content=\"1 minut\" \/>\n<script type=\"application\/ld+json\" class=\"yoast-schema-graph\">{\"@context\":\"https:\/\/schema.org\",\"@graph\":[{\"@type\":\"WebPage\",\"@id\":\"https:\/\/avocatbotosani.ro\/new\/index.php\/despre\/\",\"url\":\"https:\/\/avocatbotosani.ro\/new\/index.php\/despre\/\",\"name\":\"Despre - Avocat Cornea Alina Botosani\",\"isPartOf\":{\"@id\":\"https:\/\/avocatbotosani.ro\/new\/#website\"},\"datePublished\":\"2024-06-11T10:08:41+00:00\",\"dateModified\":\"2024-06-26T17:01:24+00:00\",\"breadcrumb\":{\"@id\":\"https:\/\/avocatbotosani.ro\/new\/index.php\/despre\/#breadcrumb\"},\"inLanguage\":\"ro-RO\",\"potentialAction\":[{\"@type\":\"ReadAction\",\"target\":[\"https:\/\/avocatbotosani.ro\/new\/index.php\/despre\/\"]}]},{\"@type\":\"BreadcrumbList\",\"@id\":\"https:\/\/avocatbotosani.ro\/new\/index.php\/despre\/#breadcrumb\",\"itemListElement\":[{\"@type\":\"ListItem\",\"position\":1,\"name\":\"Prima pagin\u0103\",\"item\":\"https:\/\/avocatbotosani.ro\/new\/\"},{\"@type\":\"ListItem\",\"position\":2,\"name\":\"Despre\"}]},{\"@type\":\"WebSite\",\"@id\":\"https:\/\/avocatbotosani.ro\/new\/#website\",\"url\":\"https:\/\/avocatbotosani.ro\/new\/\",\"name\":\"Avocat Cornea Alina Botosani\",\"description\":\"Programeaza-te online pentru o \u0219edin\u021b\u0103 de consultanta sau folose\u0219te Avocatul Inteligent ce \u00ee\u021bi va r\u0103spunde la \u00eentreb\u0103ri instant\",\"publisher\":{\"@id\":\"https:\/\/avocatbotosani.ro\/new\/#organization\"},\"potentialAction\":[{\"@type\":\"SearchAction\",\"target\":{\"@type\":\"EntryPoint\",\"urlTemplate\":\"https:\/\/avocatbotosani.ro\/new\/?s={search_term_string}\"},\"query-input\":\"required name=search_term_string\"}],\"inLanguage\":\"ro-RO\"},{\"@type\":\"Organization\",\"@id\":\"https:\/\/avocatbotosani.ro\/new\/#organization\",\"name\":\"Avocat Cornea Alina Botosani\",\"url\":\"https:\/\/avocatbotosani.ro\/new\/\",\"logo\":{\"@type\":\"ImageObject\",\"inLanguage\":\"ro-RO\",\"@id\":\"https:\/\/avocatbotosani.ro\/new\/#\/schema\/logo\/image\/\",\"url\":\"https:\/\/avocatbotosani.ro\/new\/wp-content\/uploads\/2024\/06\/cropped-Beige-and-Blue-Minimalist-Clean-Modern-Lawyer-Logo-8-1.png\",\"contentUrl\":\"https:\/\/avocatbotosani.ro\/new\/wp-content\/uploads\/2024\/06\/cropped-Beige-and-Blue-Minimalist-Clean-Modern-Lawyer-Logo-8-1.png\",\"width\":512,\"height\":512,\"caption\":\"Avocat Cornea Alina Botosani\"},\"image\":{\"@id\":\"https:\/\/avocatbotosani.ro\/new\/#\/schema\/logo\/image\/\"}}]}<\/script>\n<!-- \/ Yoast SEO plugin. -->","yoast_head_json":{"title":"Despre - Avocat Cornea Alina Botosani","robots":{"index":"index","follow":"follow","max-snippet":"max-snippet:-1","max-image-preview":"max-image-preview:large","max-video-preview":"max-video-preview:-1"},"canonical":"https:\/\/avocatbotosani.ro\/new\/index.php\/despre\/","og_locale":"ro_RO","og_type":"article","og_title":"Despre - Avocat Cornea Alina Botosani","og_description":"Cabinetul de Avocat Cornea Alina func\u021bioneaz\u0103 ne\u00eentrerupt din anul 2007, oferind servicii juridice de \u00eenalt\u0103 calitate clien\u021bilor s\u0103i. Avocatul titular \u0219i echipa sa reprezint\u0103 clien\u021bii \u00een toate instan\u021bele judec\u0103tore\u0219ti din Rom\u00e2nia, asigur\u00e2nd o ap\u0103rare eficient\u0103 \u0219i competent\u0103 \u00een diverse litigii \u0219i cazuri juridice. Cabinetul ofer\u0103 consultan\u021b\u0103 juridic\u0103 \u00een toate domeniile dreptului, cu o specializare accentuat\u0103 [&hellip;]","og_url":"https:\/\/avocatbotosani.ro\/new\/index.php\/despre\/","og_site_name":"Avocat Cornea Alina Botosani","article_modified_time":"2024-06-26T17:01:24+00:00","twitter_card":"summary_large_image","twitter_misc":{"Timp estimat pentru citire":"1 minut"},"schema":{"@context":"https:\/\/schema.org","@graph":[{"@type":"WebPage","@id":"https:\/\/avocatbotosani.ro\/new\/index.php\/despre\/","url":"https:\/\/avocatbotosani.ro\/new\/index.php\/despre\/","name":"Despre - Avocat Cornea Alina Botosani","isPartOf":{"@id":"https:\/\/avocatbotosani.ro\/new\/#website"},"datePublished":"2024-06-11T10:08:41+00:00","dateModified":"2024-06-26T17:01:24+00:00","breadcrumb":{"@id":"https:\/\/avocatbotosani.ro\/new\/index.php\/despre\/#breadcrumb"},"inLanguage":"ro-RO","potentialAction":[{"@type":"ReadAction","target":["https:\/\/avocatbotosani.ro\/new\/index.php\/despre\/"]}]},{"@type":"BreadcrumbList","@id":"https:\/\/avocatbotosani.ro\/new\/index.php\/despre\/#breadcrumb","itemListElement":[{"@type":"ListItem","position":1,"name":"Prima pagin\u0103","item":"https:\/\/avocatbotosani.ro\/new\/"},{"@type":"ListItem","position":2,"name":"Despre"}]},{"@type":"WebSite","@id":"https:\/\/avocatbotosani.ro\/new\/#website","url":"https:\/\/avocatbotosani.ro\/new\/","name":"Avocat Cornea Alina Botosani","description":"Programeaza-te online pentru o \u0219edin\u021b\u0103 de consultanta sau folose\u0219te Avocatul Inteligent ce \u00ee\u021bi va r\u0103spunde la \u00eentreb\u0103ri instant","publisher":{"@id":"https:\/\/avocatbotosani.ro\/new\/#organization"},"potentialAction":[{"@type":"SearchAction","target":{"@type":"EntryPoint","urlTemplate":"https:\/\/avocatbotosani.ro\/new\/?s={search_term_string}"},"query-input":"required name=search_term_string"}],"inLanguage":"ro-RO"},{"@type":"Organization","@id":"https:\/\/avocatbotosani.ro\/new\/#organization","name":"Avocat Cornea Alina Botosani","url":"https:\/\/avocatbotosani.ro\/new\/","logo":{"@type":"ImageObject","inLanguage":"ro-RO","@id":"https:\/\/avocatbotosani.ro\/new\/#\/schema\/logo\/image\/","url":"https:\/\/avocatbotosani.ro\/new\/wp-content\/uploads\/2024\/06\/cropped-Beige-and-Blue-Minimalist-Clean-Modern-Lawyer-Logo-8-1.png","contentUrl":"https:\/\/avocatbotosani.ro\/new\/wp-content\/uploads\/2024\/06\/cropped-Beige-and-Blue-Minimalist-Clean-Modern-Lawyer-Logo-8-1.png","width":512,"height":512,"caption":"Avocat Cornea Alina Botosani"},"image":{"@id":"https:\/\/avocatbotosani.ro\/new\/#\/schema\/logo\/image\/"}}]}},"_links":{"self":[{"href":"https:\/\/avocatbotosani.ro\/new\/index.php\/wp-json\/wp\/v2\/pages\/24"}],"collection":[{"href":"https:\/\/avocatbotosani.ro\/new\/index.php\/wp-json\/wp\/v2\/pages"}],"about":[{"href":"https:\/\/avocatbotosani.ro\/new\/index.php\/wp-json\/wp\/v2\/types\/page"}],"author":[{"embeddable":true,"href":"https:\/\/avocatbotosani.ro\/new\/index.php\/wp-json\/wp\/v2\/users\/1"}],"replies":[{"embeddable":true,"href":"https:\/\/avocatbotosani.ro\/new\/index.php\/wp-json\/wp\/v2\/comments?post=24"}],"version-history":[{"count":4,"href":"https:\/\/avocatbotosani.ro\/new\/index.php\/wp-json\/wp\/v2\/pages\/24\/revisions"}],"predecessor-version":[{"id":332,"href":"https:\/\/avocatbotosani.ro\/new\/index.php\/wp-json\/wp\/v2\/pages\/24\/revisions\/332"}],"wp:attachment":[{"href":"https:\/\/avocatbotosani.ro\/new\/index.php\/wp-json\/wp\/v2\/media?parent=24"}],"curies":[{"name":"wp","href":"https:\/\/api.w.org\/{rel}","templated":true}]}}