{"id":57,"date":"2024-06-11T10:27:49","date_gmt":"2024-06-11T10:27:49","guid":{"rendered":"https:\/\/avocatbotosani.ro\/new\/?page_id=57"},"modified":"2024-06-26T16:45:47","modified_gmt":"2024-06-26T16:45:47","slug":"57-2","status":"publish","type":"page","link":"https:\/\/avocatbotosani.ro\/new\/index.php\/57-2\/","title":{"rendered":""},"content":{"rendered":"\n<h1 class=\"wp-block-heading\">Politica de confiden\u021bialitate<\/h1>\n\n\n\n<p>Aceast\u0103 Politic\u0103 de Confiden\u021bialitate descrie practicile noastre privind colectarea, utilizarea \u0219i dezv\u0103luirea informa\u021biilor pe care le colect\u0103m de la utilizatorii site-ului nostru web <a href=\"http:\/\/www.alinacornea.ro\">www.<\/a>avocatbotosani.ro Prin utilizarea Site-ului, sunte\u021bi de acord cu termenii \u0219i condi\u021biile acestei Politici de Confiden\u021bialitate.<\/p>\n\n\n\n<h3 class=\"wp-block-heading\">1. Colectarea Informa\u021biilor<\/h3>\n\n\n\n<p><strong>Informa\u021bii colectate automat:<\/strong> Atunci c\u00e2nd vizita\u021bi Site-ul nostru, colect\u0103m automat anumite informa\u021bii despre dispozitivul dvs., inclusiv informa\u021bii despre browserul dvs. web, adresa IP, fusul orar \u0219i unele dintre cookie-urile instalate pe dispozitivul dvs. \u00cen plus, pe m\u0103sur\u0103 ce naviga\u021bi pe Site, colect\u0103m informa\u021bii despre paginile web individuale sau produsele pe care le vizualiza\u021bi, ce site-uri web sau termeni de c\u0103utare v-au referit la Site \u0219i informa\u021bii despre cum interac\u021biona\u021bi cu Site-ul.<\/p>\n\n\n\n<p><strong>Informa\u021bii furnizate de dvs.:<\/strong> Pute\u021bi s\u0103 ne furniza\u021bi informa\u021bii personale prin completarea formularelor de pe Site-ul nostru, cum ar fi formularul de contact. Informa\u021biile personale pe care le colect\u0103m pot include numele dvs., adresa de e-mail, num\u0103rul de telefon \u0219i orice alte informa\u021bii pe care alege\u021bi s\u0103 ni le furniza\u021bi.<\/p>\n\n\n\n<h3 class=\"wp-block-heading\">2. Utilizarea Informa\u021biilor<\/h3>\n\n\n\n<p>Folosim informa\u021biile pe care le colect\u0103m \u00een diverse moduri, inclusiv pentru a:<\/p>\n\n\n\n<ul>\n<li>Furniza, opera \u0219i men\u021bine Site-ul;<\/li>\n\n\n\n<li>\u00cembun\u0103t\u0103\u021bi, personaliza \u0219i extinde Site-ul;<\/li>\n\n\n\n<li>\u00cen\u021belege \u0219i analiza modul \u00een care utiliza\u021bi Site-ul;<\/li>\n\n\n\n<li>Dezvolta noi produse, servicii, func\u021bionalit\u0103\u021bi \u0219i caracteristici;<\/li>\n\n\n\n<li>Comunica cu dvs., fie direct, fie prin unul dintre partenerii no\u0219tri, inclusiv pentru serviciul clien\u021bi, pentru a v\u0103 oferi actualiz\u0103ri \u0219i alte informa\u021bii referitoare la Site, \u0219i \u00een scopuri de marketing \u0219i promo\u021bionale;<\/li>\n\n\n\n<li>Procesa tranzac\u021biile \u0219i s\u0103 gestion\u0103m pl\u0103\u021bile efectuate prin Site-ul nostru;<\/li>\n\n\n\n<li>Trimite e-mailuri periodice (dac\u0103 a\u021bi optat pentru primirea acestora);<\/li>\n\n\n\n<li>Detecta \u0219i preveni frauda.<\/li>\n<\/ul>\n\n\n\n<h3 class=\"wp-block-heading\">3. Partajarea Informa\u021biilor<\/h3>\n\n\n\n<p>Nu vindem, comercializ\u0103m sau \u00eenchiriem informa\u021biile dvs. personale c\u0103tre ter\u021bi. Putem partaja informa\u021biile dvs. personale cu ter\u021bi \u00een urm\u0103toarele situa\u021bii:<\/p>\n\n\n\n<ul>\n<li>Cu furnizorii no\u0219tri de servicii, care desf\u0103\u0219oar\u0103 servicii \u00een numele nostru;<\/li>\n\n\n\n<li>Cu consilierii no\u0219tri profesioni\u0219ti, inclusiv avoca\u021bi \u0219i contabili, \u00een m\u0103sura \u00een care este necesar pentru a ob\u021bine consiliere profesional\u0103;<\/li>\n\n\n\n<li>Pentru a respecta legile \u0219i reglement\u0103rile aplicabile, pentru a r\u0103spunde la o cita\u021bie, mandat de perchezi\u021bie sau alt\u0103 cerere legal\u0103 de informa\u021bii pe care o primim, sau pentru a ne proteja \u00een alt mod drepturile;<\/li>\n\n\n\n<li>Cu consim\u021b\u0103m\u00e2ntul dvs. explicit.<\/li>\n<\/ul>\n\n\n\n<h3 class=\"wp-block-heading\">4. Protec\u021bia Informa\u021biilor<\/h3>\n\n\n\n<p>Lu\u0103m m\u0103suri tehnice \u0219i organizatorice adecvate pentru a proteja informa\u021biile dvs. personale \u00eempotriva accesului neautorizat, a utiliz\u0103rii sau dezv\u0103luirii. Cu toate acestea, nicio metod\u0103 de transmitere pe internet sau de stocare electronic\u0103 nu este complet sigur\u0103 \u0219i nu putem garanta securitatea absolut\u0103 a informa\u021biilor dvs.<\/p>\n\n\n\n<h3 class=\"wp-block-heading\">5. Drepturile Utilizatorilor<\/h3>\n\n\n\n<p>Ave\u021bi dreptul de a accesa, corecta, actualiza sau \u0219terge informa\u021biile dvs. personale. Dac\u0103 dori\u021bi s\u0103 exercita\u021bi aceste drepturi, v\u0103 rug\u0103m s\u0103 ne contacta\u021bi folosind informa\u021biile de contact de mai jos.<\/p>\n\n\n\n<h3 class=\"wp-block-heading\">6. Cookie-uri \u0219i Tehnologii de Urm\u0103rire<\/h3>\n\n\n\n<p>Site-ul nostru poate folosi cookie-uri \u0219i tehnologii similare pentru a \u00eembun\u0103t\u0103\u021bi experien\u021ba utilizatorului, pentru a analiza tendin\u021bele, a administra site-ul, a urm\u0103ri mi\u0219c\u0103rile utilizatorilor \u00een jurul site-ului \u0219i pentru a aduna informa\u021bii demografice despre baza noastr\u0103 de utilizatori. Pute\u021bi controla utilizarea cookie-urilor la nivel de browser individual.<\/p>\n\n\n\n<h3 class=\"wp-block-heading\">7. Modific\u0103ri ale Politicii de Confiden\u021bialitate<\/h3>\n\n\n\n<p>Putem actualiza aceast\u0103 Politic\u0103 de Confiden\u021bialitate periodic pentru a reflecta, de exemplu, schimb\u0103ri \u00een practicile noastre sau din alte motive opera\u021bionale, legale sau de reglementare. Orice modific\u0103ri vor fi postate pe aceast\u0103 pagin\u0103, iar data de la \u00eenceputul Politicii de Confiden\u021bialitate va fi actualizat\u0103 pentru a reflecta data celei mai recente modific\u0103ri.<\/p>\n\n\n\n<h3 class=\"wp-block-heading\">8. Contacta\u021bi-ne<\/h3>\n\n\n\n<p>Dac\u0103 ave\u021bi \u00eentreb\u0103ri sau nel\u0103muriri cu privire la aceast\u0103 Politic\u0103 de Confiden\u021bialitate sau dac\u0103 dori\u021bi s\u0103 v\u0103 exercita\u021bi drepturile, v\u0103 rug\u0103m s\u0103 ne contacta\u021bi la:<\/p>\n\n\n\n<p><strong>Avocat Cornea Alina<\/strong><br>Email: <a href=\"mailto:alinacornea04@yahoo.com\" target=\"_blank\" rel=\"noreferrer noopener\">alinacornea04@yahoo.<\/a><a href=\"mailto:alinacornea04@yahoo.com\" title=\"\">com<\/a><br>Telefon: 0742242001<br>Adresa: Str.Octav Onicescu nr.34, Botosani <\/p>\n\n\n\n<hr class=\"wp-block-separator has-alpha-channel-opacity\"\/>\n\n\n\n<p>Dac\u0103 ave\u021bi \u00eentreb\u0103ri sau nel\u0103muriri cu privire la prelucrarea informa\u021biilor dvs sau dori\u021bi s\u0103 v\u0103 exercita\u021bi drepturile legale sau ave\u021bi orice alt\u0103 \u00eengrijorare cu privire la confiden\u021bialitate, ne pute\u021bi scrie la adresa de e-mail <a href=\"mailto:alinacornea04@yahoo.com\" target=\"_blank\" rel=\"noreferrer noopener\">alinacornea04@yahoo.<\/a><a href=\"mailto:alinacornea04@yahoo.com\" title=\"\">com<\/a>.<\/p>\n\n\n\n<p>De asemenea, datele de contact ale responsabilului nostru cu protec\u021bia datelor sunt:<\/p>\n","protected":false},"excerpt":{"rendered":"<p>Politica de confiden\u021bialitate Aceast\u0103 Politic\u0103 de Confiden\u021bialitate descrie practicile noastre privind colectarea, utilizarea \u0219i dezv\u0103luirea informa\u021biilor pe care le colect\u0103m de la utilizatorii site-ului nostru web www.avocatbotosani.ro Prin utilizarea Site-ului, sunte\u021bi de acord cu termenii \u0219i condi\u021biile acestei Politici de Confiden\u021bialitate. 1. Colectarea Informa\u021biilor Informa\u021bii colectate automat: Atunci c\u00e2nd vizita\u021bi Site-ul nostru, colect\u0103m automat anumite [&hellip;]<\/p>\n","protected":false},"author":1,"featured_media":0,"parent":0,"menu_order":0,"comment_status":"closed","ping_status":"closed","template":"","meta":{"om_disable_all_campaigns":false,"_monsterinsights_skip_tracking":false,"_monsterinsights_sitenote_active":false,"_monsterinsights_sitenote_note":"","_monsterinsights_sitenote_category":0,"footnotes":""},"featured_image_url":[],"post_author":"admin","assigned_categories":"","aioseo_notices":[],"yoast_head":"<!-- This site is optimized with the Yoast SEO plugin v23.0 - https:\/\/yoast.com\/wordpress\/plugins\/seo\/ -->\n<title>- Avocat Cornea Alina Botosani<\/title>\n<meta name=\"robots\" content=\"index, follow, max-snippet:-1, max-image-preview:large, max-video-preview:-1\" \/>\n<link rel=\"canonical\" href=\"https:\/\/avocatbotosani.ro\/new\/index.php\/57-2\/\" \/>\n<meta property=\"og:locale\" content=\"ro_RO\" \/>\n<meta property=\"og:type\" content=\"article\" \/>\n<meta property=\"og:title\" content=\"- Avocat Cornea Alina Botosani\" \/>\n<meta property=\"og:description\" content=\"Politica de confiden\u021bialitate Aceast\u0103 Politic\u0103 de Confiden\u021bialitate descrie practicile noastre privind colectarea, utilizarea \u0219i dezv\u0103luirea informa\u021biilor pe care le colect\u0103m de la utilizatorii site-ului nostru web www.avocatbotosani.ro Prin utilizarea Site-ului, sunte\u021bi de acord cu termenii \u0219i condi\u021biile acestei Politici de Confiden\u021bialitate. 1. Colectarea Informa\u021biilor Informa\u021bii colectate automat: Atunci c\u00e2nd vizita\u021bi Site-ul nostru, colect\u0103m automat anumite [&hellip;]\" \/>\n<meta property=\"og:url\" content=\"https:\/\/avocatbotosani.ro\/new\/index.php\/57-2\/\" \/>\n<meta property=\"og:site_name\" content=\"Avocat Cornea Alina Botosani\" \/>\n<meta property=\"article:modified_time\" content=\"2024-06-26T16:45:47+00:00\" \/>\n<meta name=\"twitter:card\" content=\"summary_large_image\" \/>\n<meta name=\"twitter:label1\" content=\"Timp estimat pentru citire\" \/>\n\t<meta name=\"twitter:data1\" content=\"4 minute\" \/>\n<script type=\"application\/ld+json\" class=\"yoast-schema-graph\">{\"@context\":\"https:\/\/schema.org\",\"@graph\":[{\"@type\":\"WebPage\",\"@id\":\"https:\/\/avocatbotosani.ro\/new\/index.php\/57-2\/\",\"url\":\"https:\/\/avocatbotosani.ro\/new\/index.php\/57-2\/\",\"name\":\"- Avocat Cornea Alina Botosani\",\"isPartOf\":{\"@id\":\"https:\/\/avocatbotosani.ro\/new\/#website\"},\"datePublished\":\"2024-06-11T10:27:49+00:00\",\"dateModified\":\"2024-06-26T16:45:47+00:00\",\"inLanguage\":\"ro-RO\",\"potentialAction\":[{\"@type\":\"ReadAction\",\"target\":[\"https:\/\/avocatbotosani.ro\/new\/index.php\/57-2\/\"]}]},{\"@type\":\"WebSite\",\"@id\":\"https:\/\/avocatbotosani.ro\/new\/#website\",\"url\":\"https:\/\/avocatbotosani.ro\/new\/\",\"name\":\"Avocat Cornea Alina Botosani\",\"description\":\"Programeaza-te online pentru o \u0219edin\u021b\u0103 de consultanta sau folose\u0219te Avocatul Inteligent ce \u00ee\u021bi va r\u0103spunde la \u00eentreb\u0103ri instant\",\"publisher\":{\"@id\":\"https:\/\/avocatbotosani.ro\/new\/#organization\"},\"potentialAction\":[{\"@type\":\"SearchAction\",\"target\":{\"@type\":\"EntryPoint\",\"urlTemplate\":\"https:\/\/avocatbotosani.ro\/new\/?s={search_term_string}\"},\"query-input\":\"required name=search_term_string\"}],\"inLanguage\":\"ro-RO\"},{\"@type\":\"Organization\",\"@id\":\"https:\/\/avocatbotosani.ro\/new\/#organization\",\"name\":\"Avocat Cornea Alina Botosani\",\"url\":\"https:\/\/avocatbotosani.ro\/new\/\",\"logo\":{\"@type\":\"ImageObject\",\"inLanguage\":\"ro-RO\",\"@id\":\"https:\/\/avocatbotosani.ro\/new\/#\/schema\/logo\/image\/\",\"url\":\"https:\/\/avocatbotosani.ro\/new\/wp-content\/uploads\/2024\/06\/cropped-Beige-and-Blue-Minimalist-Clean-Modern-Lawyer-Logo-8-1.png\",\"contentUrl\":\"https:\/\/avocatbotosani.ro\/new\/wp-content\/uploads\/2024\/06\/cropped-Beige-and-Blue-Minimalist-Clean-Modern-Lawyer-Logo-8-1.png\",\"width\":512,\"height\":512,\"caption\":\"Avocat Cornea Alina Botosani\"},\"image\":{\"@id\":\"https:\/\/avocatbotosani.ro\/new\/#\/schema\/logo\/image\/\"}}]}<\/script>\n<!-- \/ Yoast SEO plugin. -->","yoast_head_json":{"title":"- Avocat Cornea Alina Botosani","robots":{"index":"index","follow":"follow","max-snippet":"max-snippet:-1","max-image-preview":"max-image-preview:large","max-video-preview":"max-video-preview:-1"},"canonical":"https:\/\/avocatbotosani.ro\/new\/index.php\/57-2\/","og_locale":"ro_RO","og_type":"article","og_title":"- Avocat Cornea Alina Botosani","og_description":"Politica de confiden\u021bialitate Aceast\u0103 Politic\u0103 de Confiden\u021bialitate descrie practicile noastre privind colectarea, utilizarea \u0219i dezv\u0103luirea informa\u021biilor pe care le colect\u0103m de la utilizatorii site-ului nostru web www.avocatbotosani.ro Prin utilizarea Site-ului, sunte\u021bi de acord cu termenii \u0219i condi\u021biile acestei Politici de Confiden\u021bialitate. 1. Colectarea Informa\u021biilor Informa\u021bii colectate automat: Atunci c\u00e2nd vizita\u021bi Site-ul nostru, colect\u0103m automat anumite [&hellip;]","og_url":"https:\/\/avocatbotosani.ro\/new\/index.php\/57-2\/","og_site_name":"Avocat Cornea Alina Botosani","article_modified_time":"2024-06-26T16:45:47+00:00","twitter_card":"summary_large_image","twitter_misc":{"Timp estimat pentru citire":"4 minute"},"schema":{"@context":"https:\/\/schema.org","@graph":[{"@type":"WebPage","@id":"https:\/\/avocatbotosani.ro\/new\/index.php\/57-2\/","url":"https:\/\/avocatbotosani.ro\/new\/index.php\/57-2\/","name":"- Avocat Cornea Alina Botosani","isPartOf":{"@id":"https:\/\/avocatbotosani.ro\/new\/#website"},"datePublished":"2024-06-11T10:27:49+00:00","dateModified":"2024-06-26T16:45:47+00:00","inLanguage":"ro-RO","potentialAction":[{"@type":"ReadAction","target":["https:\/\/avocatbotosani.ro\/new\/index.php\/57-2\/"]}]},{"@type":"WebSite","@id":"https:\/\/avocatbotosani.ro\/new\/#website","url":"https:\/\/avocatbotosani.ro\/new\/","name":"Avocat Cornea Alina Botosani","description":"Programeaza-te online pentru o \u0219edin\u021b\u0103 de consultanta sau folose\u0219te Avocatul Inteligent ce \u00ee\u021bi va r\u0103spunde la \u00eentreb\u0103ri instant","publisher":{"@id":"https:\/\/avocatbotosani.ro\/new\/#organization"},"potentialAction":[{"@type":"SearchAction","target":{"@type":"EntryPoint","urlTemplate":"https:\/\/avocatbotosani.ro\/new\/?s={search_term_string}"},"query-input":"required name=search_term_string"}],"inLanguage":"ro-RO"},{"@type":"Organization","@id":"https:\/\/avocatbotosani.ro\/new\/#organization","name":"Avocat Cornea Alina Botosani","url":"https:\/\/avocatbotosani.ro\/new\/","logo":{"@type":"ImageObject","inLanguage":"ro-RO","@id":"https:\/\/avocatbotosani.ro\/new\/#\/schema\/logo\/image\/","url":"https:\/\/avocatbotosani.ro\/new\/wp-content\/uploads\/2024\/06\/cropped-Beige-and-Blue-Minimalist-Clean-Modern-Lawyer-Logo-8-1.png","contentUrl":"https:\/\/avocatbotosani.ro\/new\/wp-content\/uploads\/2024\/06\/cropped-Beige-and-Blue-Minimalist-Clean-Modern-Lawyer-Logo-8-1.png","width":512,"height":512,"caption":"Avocat Cornea Alina Botosani"},"image":{"@id":"https:\/\/avocatbotosani.ro\/new\/#\/schema\/logo\/image\/"}}]}},"_links":{"self":[{"href":"https:\/\/avocatbotosani.ro\/new\/index.php\/wp-json\/wp\/v2\/pages\/57"}],"collection":[{"href":"https:\/\/avocatbotosani.ro\/new\/index.php\/wp-json\/wp\/v2\/pages"}],"about":[{"href":"https:\/\/avocatbotosani.ro\/new\/index.php\/wp-json\/wp\/v2\/types\/page"}],"author":[{"embeddable":true,"href":"https:\/\/avocatbotosani.ro\/new\/index.php\/wp-json\/wp\/v2\/users\/1"}],"replies":[{"embeddable":true,"href":"https:\/\/avocatbotosani.ro\/new\/index.php\/wp-json\/wp\/v2\/comments?post=57"}],"version-history":[{"count":4,"href":"https:\/\/avocatbotosani.ro\/new\/index.php\/wp-json\/wp\/v2\/pages\/57\/revisions"}],"predecessor-version":[{"id":326,"href":"https:\/\/avocatbotosani.ro\/new\/index.php\/wp-json\/wp\/v2\/pages\/57\/revisions\/326"}],"wp:attachment":[{"href":"https:\/\/avocatbotosani.ro\/new\/index.php\/wp-json\/wp\/v2\/media?parent=57"}],"curies":[{"name":"wp","href":"https:\/\/api.w.org\/{rel}","templated":true}]}}